{"id":1093,"date":"2024-12-05T16:08:01","date_gmt":"2024-12-05T14:08:01","guid":{"rendered":"https:\/\/meedia.ut.ee\/mikstasiis\/?page_id=1093"},"modified":"2024-12-05T17:48:09","modified_gmt":"2024-12-05T15:48:09","slug":"ajakirjanikule","status":"publish","type":"page","link":"https:\/\/meedia.ut.ee\/mikstasiis\/ajakirjanikule\/","title":{"rendered":"Ajakirjanikule"},"content":{"rendered":"\t\t<div data-elementor-type=\"wp-page\" data-elementor-id=\"1093\" class=\"elementor elementor-1093\" data-elementor-post-type=\"page\">\n\t\t\t\t<div class=\"elementor-element elementor-element-70909be e-flex e-con-boxed e-con e-parent\" data-id=\"70909be\" data-element_type=\"container\">\n\t\t\t\t\t<div class=\"e-con-inner\">\n\t\t\t\t<div class=\"elementor-element elementor-element-c82eac0 elementor-widget elementor-widget-text-editor\" data-id=\"c82eac0\" data-element_type=\"widget\" data-widget_type=\"text-editor.default\">\n\t\t\t\t<div class=\"elementor-widget-container\">\n\t\t\t\t\t\t\t\t\t<p>Kuidas teha ajakirjandust nii, et Sinu avaldatud artikkel ei v\u00f5imendaks eksikombel hoopis kurjategija enese\u00f5igustamist ning s\u00f5numeid ega p\u00f5hjustaks ebavajalikke lisakannatusi kuriteo ohvrile? Soovitame selle jaoks lugeda l\u00e4bi Simone Eelmaa, Kadri Kallipi ja Annika Tamme koostatud juhendmaterjali seksuaalse v\u00e4\u00e4rkohtlemise eetilisemaks kajastamiseks meedias.&nbsp;<span style=\"background-color: var( --e-global-color-secondary ); color: var( --e-global-color-text ); font-family: var( --e-global-typography-text-font-family ), Sans-serif; font-size: var( --e-global-typography-text-font-size ); font-weight: var( --e-global-typography-text-font-weight ); text-align: var(--text-align);\">P\u00f5hjalik ja v\u00e4ga praktiline juhendmaterjal anti v\u00e4lja aastal 2022, kuid paraku teeb ajakirjandus v\u00e4lditavaid vigu igap\u00e4evaselt. Juhendmaterjali olemasolu on j\u00e4\u00e4nud kahjuks paljudele ajakirjanikele m\u00e4rkamata, seega kasutame v\u00f5imalust, et Teile sellest teada anda!<\/span><\/p>\t\t\t\t\t\t\t\t<\/div>\n\t\t\t\t<\/div>\n\t\t<div class=\"elementor-element elementor-element-6ea5c44 e-con-full e-flex elementor-invisible e-con e-child\" data-id=\"6ea5c44\" data-element_type=\"container\" data-settings=\"{&quot;animation&quot;:&quot;fadeIn&quot;}\">\n\t\t\t\t<div class=\"elementor-element elementor-element-b5e9dcc elementor-align-justify elementor-widget__width-inherit elementor-absolute nupp-1 elementor-widget elementor-widget-button\" data-id=\"b5e9dcc\" data-element_type=\"widget\" data-settings=\"{&quot;_position&quot;:&quot;absolute&quot;}\" data-widget_type=\"button.default\">\n\t\t\t\t<div class=\"elementor-widget-container\">\n\t\t\t\t\t\t\t\t\t<div class=\"elementor-button-wrapper\">\n\t\t\t\t\t<a class=\"elementor-button elementor-button-link elementor-size-sm\" href=\"https:\/\/www.researchgate.net\/publication\/364651343_JUHENDMATERJAL_seksuaalse_vaarkohtlemise_eetilisemaks_kajastamiseks_meedias\" target=\"_blank\" rel=\"noopener\">\n\t\t\t\t\t\t<span class=\"elementor-button-content-wrapper\">\n\t\t\t\t\t\t\t\t\t<span class=\"elementor-button-text\">Loe juhendmaterjali<\/span>\n\t\t\t\t\t<\/span>\n\t\t\t\t\t<\/a>\n\t\t\t\t<\/div>\n\t\t\t\t\t\t\t\t<\/div>\n\t\t\t\t<\/div>\n\t\t\t\t<div class=\"elementor-element elementor-element-bef538c elementor-align-justify elementor-widget__width-inherit elementor-absolute nupp-2 elementor-hidden-mobile elementor-hidden-tablet elementor-widget elementor-widget-button\" data-id=\"bef538c\" data-element_type=\"widget\" data-settings=\"{&quot;_position&quot;:&quot;absolute&quot;}\" data-widget_type=\"button.default\">\n\t\t\t\t<div class=\"elementor-widget-container\">\n\t\t\t\t\t\t\t\t\t<div class=\"elementor-button-wrapper\">\n\t\t\t\t\t<a class=\"elementor-button elementor-button-link elementor-size-sm\" href=\"https:\/\/www.researchgate.net\/publication\/364651343_JUHENDMATERJAL_seksuaalse_vaarkohtlemise_eetilisemaks_kajastamiseks_meedias\" target=\"_blank\" rel=\"noopener\">\n\t\t\t\t\t\t<span class=\"elementor-button-content-wrapper\">\n\t\t\t\t\t\t\t\t\t<span class=\"elementor-button-text\">Huvitav ja kasulik!<\/span>\n\t\t\t\t\t<\/span>\n\t\t\t\t\t<\/a>\n\t\t\t\t<\/div>\n\t\t\t\t\t\t\t\t<\/div>\n\t\t\t\t<\/div>\n\t\t\t\t<\/div>\n\t\t\t\t\t<\/div>\n\t\t\t\t<\/div>\n\t\t\t\t<\/div>\n\t\t","protected":false},"excerpt":{"rendered":"<p>Kuidas teha ajakirjandust nii, et Sinu avaldatud artikkel ei v\u00f5imendaks eksikombel hoopis kurjategija enese\u00f5igustamist ning s\u00f5numeid ega p\u00f5hjustaks ebavajalikke lisakannatusi kuriteo ohvrile? Soovitame selle jaoks lugeda l\u00e4bi Simone Eelmaa, Kadri Kallipi ja Annika Tamme koostatud juhendmaterjali seksuaalse v\u00e4\u00e4rkohtlemise eetilisemaks kajastamiseks meedias.&nbsp;P\u00f5hjalik ja v\u00e4ga praktiline juhendmaterjal anti v\u00e4lja aastal 2022, kuid paraku teeb ajakirjandus v\u00e4lditavaid vigu [&hellip;]<\/p>\n","protected":false},"author":1,"featured_media":0,"parent":0,"menu_order":0,"comment_status":"closed","ping_status":"closed","template":"","meta":{"_acf_changed":false,"footnotes":""},"class_list":["post-1093","page","type-page","status-publish","hentry"],"acf":[],"_links":{"self":[{"href":"https:\/\/meedia.ut.ee\/mikstasiis\/wp-json\/wp\/v2\/pages\/1093","targetHints":{"allow":["GET"]}}],"collection":[{"href":"https:\/\/meedia.ut.ee\/mikstasiis\/wp-json\/wp\/v2\/pages"}],"about":[{"href":"https:\/\/meedia.ut.ee\/mikstasiis\/wp-json\/wp\/v2\/types\/page"}],"author":[{"embeddable":true,"href":"https:\/\/meedia.ut.ee\/mikstasiis\/wp-json\/wp\/v2\/users\/1"}],"replies":[{"embeddable":true,"href":"https:\/\/meedia.ut.ee\/mikstasiis\/wp-json\/wp\/v2\/comments?post=1093"}],"version-history":[{"count":22,"href":"https:\/\/meedia.ut.ee\/mikstasiis\/wp-json\/wp\/v2\/pages\/1093\/revisions"}],"predecessor-version":[{"id":1120,"href":"https:\/\/meedia.ut.ee\/mikstasiis\/wp-json\/wp\/v2\/pages\/1093\/revisions\/1120"}],"wp:attachment":[{"href":"https:\/\/meedia.ut.ee\/mikstasiis\/wp-json\/wp\/v2\/media?parent=1093"}],"curies":[{"name":"wp","href":"https:\/\/api.w.org\/{rel}","templated":true}]}}